{"id":38,"date":"2020-04-15T10:16:53","date_gmt":"2020-04-15T08:16:53","guid":{"rendered":"http:\/\/athletisme-sua.fr\/?page_id=38"},"modified":"2025-07-30T08:51:23","modified_gmt":"2025-07-30T06:51:23","slug":"nous-contacter","status":"publish","type":"page","link":"https:\/\/athletisme-sua.fr\/?page_id=38","title":{"rendered":"Nous contacter"},"content":{"rendered":"\n<div class=\"wp-block-file\"><a id=\"wp-block-file--media-08d7b87c-f9fd-4827-91f3-17f5c11b764f\" href=\"https:\/\/athletisme-sua.fr\/wp-content\/uploads\/2025\/07\/Licences-saison-2025-2026.pdf\" target=\"_blank\" rel=\"noreferrer noopener\">Licences saison 2025 2026<\/a><a href=\"https:\/\/athletisme-sua.fr\/wp-content\/uploads\/2025\/07\/Licences-saison-2025-2026.pdf\" class=\"wp-block-file__button wp-element-button\" download aria-describedby=\"wp-block-file--media-08d7b87c-f9fd-4827-91f3-17f5c11b764f\">T\u00e9l\u00e9charger<\/a><\/div>\n\n\n\n<p><\/p>\n\n\n\n<p><\/p>\n\n\n\n<p><br><strong>\u00c9crivez-nous un message et nous vous r\u00e9pondrons dans les plus brefs d\u00e9lais.<\/strong><\/p>\n\n\n\n<div class=\"wpforms-container wpforms-container-full\" id=\"wpforms-40\"><form id=\"wpforms-form-40\" class=\"wpforms-validate wpforms-form\" data-formid=\"40\" method=\"post\" enctype=\"multipart\/form-data\" action=\"\/index.php?rest_route=%2Fwp%2Fv2%2Fpages%2F38\" data-token=\"9ed3d362893a5f1f385eebf6d4d8b0aa\" data-token-time=\"1777212711\"><noscript class=\"wpforms-error-noscript\">Veuillez activer JavaScript dans votre navigateur pour remplir ce formulaire.<\/noscript><div class=\"wpforms-field-container\"><div id=\"wpforms-40-field_0-container\" class=\"wpforms-field wpforms-field-name\" data-field-id=\"0\"><label class=\"wpforms-field-label\" for=\"wpforms-40-field_0\">Nom <span class=\"wpforms-required-label\">*<\/span><\/label><input type=\"text\" id=\"wpforms-40-field_0\" class=\"wpforms-field-medium wpforms-field-required\" name=\"wpforms[fields][0]\" required><\/div><div id=\"wpforms-40-field_3-container\" class=\"wpforms-field wpforms-field-name\" data-field-id=\"3\"><label class=\"wpforms-field-label\" for=\"wpforms-40-field_3\">Pr\u00e9nom <span class=\"wpforms-required-label\">*<\/span><\/label><input type=\"text\" id=\"wpforms-40-field_3\" class=\"wpforms-field-medium wpforms-field-required\" name=\"wpforms[fields][3]\" required><\/div><div id=\"wpforms-40-field_1-container\" class=\"wpforms-field wpforms-field-email\" data-field-id=\"1\"><label class=\"wpforms-field-label\" for=\"wpforms-40-field_1\">E-mail <span class=\"wpforms-required-label\">*<\/span><\/label><input type=\"email\" id=\"wpforms-40-field_1\" class=\"wpforms-field-medium wpforms-field-required\" name=\"wpforms[fields][1]\" spellcheck=\"false\" required><\/div><div id=\"wpforms-40-field_4-container\" class=\"wpforms-field wpforms-field-text\" data-field-id=\"4\"><label class=\"wpforms-field-label\" for=\"wpforms-40-field_4\">N\u00b0 de t\u00e9l\u00e9phone<\/label><input type=\"text\" id=\"wpforms-40-field_4\" class=\"wpforms-field-medium\" name=\"wpforms[fields][4]\" ><\/div><div id=\"wpforms-40-field_5-container\" class=\"wpforms-field wpforms-field-radio\" data-field-id=\"5\"><label class=\"wpforms-field-label\">Raison du contact <span class=\"wpforms-required-label\">*<\/span><\/label><ul id=\"wpforms-40-field_5\" class=\"wpforms-field-required\"><li class=\"choice-1 depth-1\"><input type=\"radio\" id=\"wpforms-40-field_5_1\" name=\"wpforms[fields][5]\" value=\"Prendre une licence\" required ><label class=\"wpforms-field-label-inline\" for=\"wpforms-40-field_5_1\">Prendre une licence<\/label><\/li><li class=\"choice-2 depth-1\"><input type=\"radio\" id=\"wpforms-40-field_5_2\" name=\"wpforms[fields][5]\" value=\"Information sur le club ou comp\u00e9titions\" required ><label class=\"wpforms-field-label-inline\" for=\"wpforms-40-field_5_2\">Information sur le club ou comp\u00e9titions<\/label><\/li><li class=\"choice-3 depth-1\"><input type=\"radio\" id=\"wpforms-40-field_5_3\" name=\"wpforms[fields][5]\" value=\"Autre\" required ><label class=\"wpforms-field-label-inline\" for=\"wpforms-40-field_5_3\">Autre<\/label><\/li><\/ul><\/div><div id=\"wpforms-40-field_2-container\" class=\"wpforms-field wpforms-field-textarea\" data-field-id=\"2\"><label class=\"wpforms-field-label\" for=\"wpforms-40-field_2\">Commentaire ou message <span class=\"wpforms-required-label\">*<\/span><\/label><textarea id=\"wpforms-40-field_2\" class=\"wpforms-field-medium wpforms-field-required\" name=\"wpforms[fields][2]\" required><\/textarea><\/div><div id=\"wpforms-40-field_6-container\" class=\"wpforms-field wpforms-field-email\" data-field-id=\"6\"><label class=\"wpforms-field-label\" for=\"wpforms-40-field_6\">E-mail <span class=\"wpforms-required-label\">*<\/span><\/label><input type=\"email\" id=\"wpforms-40-field_6\" class=\"wpforms-field-medium wpforms-field-required\" name=\"wpforms[fields][6]\" spellcheck=\"false\" required><\/div><\/div><!-- .wpforms-field-container --><div class=\"wpforms-field wpforms-field-hp\"><label for=\"wpforms-40-field-hp\" class=\"wpforms-field-label\">Name<\/label><input type=\"text\" name=\"wpforms[hp]\" id=\"wpforms-40-field-hp\" class=\"wpforms-field-medium\"><\/div><div class=\"wpforms-recaptcha-container wpforms-is-hcaptcha\" ><div class=\"g-recaptcha\" data-sitekey=\"0a383b14-af34-420a-9a44-0310c86e8f0c\"><\/div><input type=\"text\" name=\"g-recaptcha-hidden\" class=\"wpforms-recaptcha-hidden\" style=\"position:absolute!important;clip:rect(0,0,0,0)!important;height:1px!important;width:1px!important;border:0!important;overflow:hidden!important;padding:0!important;margin:0!important;\" data-rule-hcaptcha=\"1\"><\/div><div class=\"wpforms-submit-container\" ><input type=\"hidden\" name=\"wpforms[id]\" value=\"40\"><input type=\"hidden\" name=\"page_title\" value=\"\"><input type=\"hidden\" name=\"page_url\" value=\"https:\/\/athletisme-sua.fr\/index.php?rest_route=%2Fwp%2Fv2%2Fpages%2F38\"><button type=\"submit\" name=\"wpforms[submit]\" id=\"wpforms-submit-40\" class=\"wpforms-submit\" data-alt-text=\"Envoi...\" data-submit-text=\"Envoyer\" aria-live=\"assertive\" value=\"wpforms-submit\">Envoyer<\/button><\/div><\/form><\/div>  <!-- .wpforms-container -->\n\n\n\n<div id=\"wpgmza_map\" class=\"wpgmza_map\" data-settings='{\"id\":\"1\",\"map_title\":\"SUA Athl\\u00e9tisme\",\"map_width\":\"100\",\"map_height\":\"400\",\"map_start_lat\":\"44.191837\",\"map_start_lng\":\"0.617790\",\"map_start_location\":\"44.19183658748347,0.6177898782952962\",\"map_start_zoom\":\"16\",\"default_marker\":\"0\",\"type\":\"1\",\"alignment\":\"4\",\"directions_enabled\":\"1\",\"styling_enabled\":\"0\",\"styling_json\":\"\",\"active\":\"0\",\"kml\":\"\",\"bicycle\":\"0\",\"traffic\":\"0\",\"dbox\":\"1\",\"dbox_width\":\"100\",\"listmarkers\":\"0\",\"listmarkers_advanced\":\"0\",\"filterbycat\":\"0\",\"ugm_enabled\":\"0\",\"ugm_category_enabled\":\"0\",\"fusion\":\"\",\"map_width_type\":\"\\\\%\",\"map_height_type\":\"px\",\"mass_marker_support\":\"1\",\"ugm_access\":\"0\",\"order_markers_by\":\"1\",\"order_markers_choice\":\"2\",\"show_user_location\":\"0\",\"default_to\":\"\",\"other_settings\":{\"store_locator_enabled\":2,\"store_locator_distance\":2,\"store_locator_default_radius\":10,\"store_locator_not_found_message\":\"No results found in this location. Please try again.\",\"store_locator_bounce\":1,\"store_locator_query_string\":\"Code Postal \\\/ Adresse\",\"store_locator_default_address\":\"\",\"wpgmza_store_locator_restrict\":\"\",\"wpgmza_store_locator_radius_style\":\"modern\",\"map_max_zoom\":\"1\",\"transport_layer\":0,\"wpgmza_theme_data\":\"\",\"wpgmza_show_points_of_interest\":1,\"wpgmza_auto_night\":0}}' data-map-id='1' Data-maps-engine='google-maps' data-shortcode-attributes='{\"id\":\"1\"}' style=\"display:block; overflow:auto; width:100%; height:400px; float:left;\"><\/div>\n","protected":false},"excerpt":{"rendered":"<p>\u00c9crivez-nous un message et nous vous r\u00e9pondrons dans les plus brefs d\u00e9lais.<\/p>\n","protected":false},"author":1,"featured_media":0,"parent":0,"menu_order":4,"comment_status":"closed","ping_status":"closed","template":"page-templates\/page-with-right-sidebar.php","meta":{"footnotes":""},"class_list":["post-38","page","type-page","status-publish","hentry"],"yoast_head":"<!-- This site is optimized with the Yoast SEO plugin v23.7 - https:\/\/yoast.com\/wordpress\/plugins\/seo\/ -->\n<title>Nous contacter - SUA Athletisme<\/title>\n<meta name=\"robots\" content=\"index, follow, max-snippet:-1, max-image-preview:large, max-video-preview:-1\" \/>\n<link rel=\"canonical\" href=\"https:\/\/athletisme-sua.fr\/?page_id=38\" \/>\n<meta property=\"og:locale\" content=\"fr_FR\" \/>\n<meta property=\"og:type\" content=\"article\" \/>\n<meta property=\"og:title\" content=\"Nous contacter - SUA Athletisme\" \/>\n<meta property=\"og:description\" content=\"\u00c9crivez-nous un message et nous vous r\u00e9pondrons dans les plus brefs d\u00e9lais.\" \/>\n<meta property=\"og:url\" content=\"https:\/\/athletisme-sua.fr\/?page_id=38\" \/>\n<meta property=\"og:site_name\" content=\"SUA Athletisme\" \/>\n<meta property=\"article:modified_time\" content=\"2025-07-30T06:51:23+00:00\" \/>\n<meta name=\"twitter:card\" content=\"summary_large_image\" \/>\n<meta name=\"twitter:label1\" content=\"Dur\u00e9e de lecture estim\u00e9e\" \/>\n\t<meta name=\"twitter:data1\" content=\"1 minute\" \/>\n<script type=\"application\/ld+json\" class=\"yoast-schema-graph\">{\"@context\":\"https:\/\/schema.org\",\"@graph\":[{\"@type\":\"WebPage\",\"@id\":\"https:\/\/athletisme-sua.fr\/?page_id=38\",\"url\":\"https:\/\/athletisme-sua.fr\/?page_id=38\",\"name\":\"Nous contacter - SUA Athletisme\",\"isPartOf\":{\"@id\":\"https:\/\/athletisme-sua.fr\/#website\"},\"datePublished\":\"2020-04-15T08:16:53+00:00\",\"dateModified\":\"2025-07-30T06:51:23+00:00\",\"breadcrumb\":{\"@id\":\"https:\/\/athletisme-sua.fr\/?page_id=38#breadcrumb\"},\"inLanguage\":\"fr-FR\",\"potentialAction\":[{\"@type\":\"ReadAction\",\"target\":[\"https:\/\/athletisme-sua.fr\/?page_id=38\"]}]},{\"@type\":\"BreadcrumbList\",\"@id\":\"https:\/\/athletisme-sua.fr\/?page_id=38#breadcrumb\",\"itemListElement\":[{\"@type\":\"ListItem\",\"position\":1,\"name\":\"Accueil\",\"item\":\"https:\/\/athletisme-sua.fr\/\"},{\"@type\":\"ListItem\",\"position\":2,\"name\":\"Nous contacter\"}]},{\"@type\":\"WebSite\",\"@id\":\"https:\/\/athletisme-sua.fr\/#website\",\"url\":\"https:\/\/athletisme-sua.fr\/\",\"name\":\"SUA Athletisme\",\"description\":\"Des plus petits aux plus grands, du loisir au comp\u00e9titeur, le SUA vous accueille au Stade Rabal \u00e0 Agen.\",\"publisher\":{\"@id\":\"https:\/\/athletisme-sua.fr\/#organization\"},\"potentialAction\":[{\"@type\":\"SearchAction\",\"target\":{\"@type\":\"EntryPoint\",\"urlTemplate\":\"https:\/\/athletisme-sua.fr\/?s={search_term_string}\"},\"query-input\":{\"@type\":\"PropertyValueSpecification\",\"valueRequired\":true,\"valueName\":\"search_term_string\"}}],\"inLanguage\":\"fr-FR\"},{\"@type\":\"Organization\",\"@id\":\"https:\/\/athletisme-sua.fr\/#organization\",\"name\":\"SUA Athl\u00e9tisme\",\"url\":\"https:\/\/athletisme-sua.fr\/\",\"logo\":{\"@type\":\"ImageObject\",\"inLanguage\":\"fr-FR\",\"@id\":\"https:\/\/athletisme-sua.fr\/#\/schema\/logo\/image\/\",\"url\":\"http:\/\/athletisme-sua.fr\/wp-content\/uploads\/2020\/04\/SUA-Athletisme_Logo-1.png\",\"contentUrl\":\"http:\/\/athletisme-sua.fr\/wp-content\/uploads\/2020\/04\/SUA-Athletisme_Logo-1.png\",\"width\":145,\"height\":145,\"caption\":\"SUA Athl\u00e9tisme\"},\"image\":{\"@id\":\"https:\/\/athletisme-sua.fr\/#\/schema\/logo\/image\/\"}}]}<\/script>\n<!-- \/ Yoast SEO plugin. -->","yoast_head_json":{"title":"Nous contacter - SUA Athletisme","robots":{"index":"index","follow":"follow","max-snippet":"max-snippet:-1","max-image-preview":"max-image-preview:large","max-video-preview":"max-video-preview:-1"},"canonical":"https:\/\/athletisme-sua.fr\/?page_id=38","og_locale":"fr_FR","og_type":"article","og_title":"Nous contacter - SUA Athletisme","og_description":"\u00c9crivez-nous un message et nous vous r\u00e9pondrons dans les plus brefs d\u00e9lais.","og_url":"https:\/\/athletisme-sua.fr\/?page_id=38","og_site_name":"SUA Athletisme","article_modified_time":"2025-07-30T06:51:23+00:00","twitter_card":"summary_large_image","twitter_misc":{"Dur\u00e9e de lecture estim\u00e9e":"1 minute"},"schema":{"@context":"https:\/\/schema.org","@graph":[{"@type":"WebPage","@id":"https:\/\/athletisme-sua.fr\/?page_id=38","url":"https:\/\/athletisme-sua.fr\/?page_id=38","name":"Nous contacter - SUA Athletisme","isPartOf":{"@id":"https:\/\/athletisme-sua.fr\/#website"},"datePublished":"2020-04-15T08:16:53+00:00","dateModified":"2025-07-30T06:51:23+00:00","breadcrumb":{"@id":"https:\/\/athletisme-sua.fr\/?page_id=38#breadcrumb"},"inLanguage":"fr-FR","potentialAction":[{"@type":"ReadAction","target":["https:\/\/athletisme-sua.fr\/?page_id=38"]}]},{"@type":"BreadcrumbList","@id":"https:\/\/athletisme-sua.fr\/?page_id=38#breadcrumb","itemListElement":[{"@type":"ListItem","position":1,"name":"Accueil","item":"https:\/\/athletisme-sua.fr\/"},{"@type":"ListItem","position":2,"name":"Nous contacter"}]},{"@type":"WebSite","@id":"https:\/\/athletisme-sua.fr\/#website","url":"https:\/\/athletisme-sua.fr\/","name":"SUA Athletisme","description":"Des plus petits aux plus grands, du loisir au comp\u00e9titeur, le SUA vous accueille au Stade Rabal \u00e0 Agen.","publisher":{"@id":"https:\/\/athletisme-sua.fr\/#organization"},"potentialAction":[{"@type":"SearchAction","target":{"@type":"EntryPoint","urlTemplate":"https:\/\/athletisme-sua.fr\/?s={search_term_string}"},"query-input":{"@type":"PropertyValueSpecification","valueRequired":true,"valueName":"search_term_string"}}],"inLanguage":"fr-FR"},{"@type":"Organization","@id":"https:\/\/athletisme-sua.fr\/#organization","name":"SUA Athl\u00e9tisme","url":"https:\/\/athletisme-sua.fr\/","logo":{"@type":"ImageObject","inLanguage":"fr-FR","@id":"https:\/\/athletisme-sua.fr\/#\/schema\/logo\/image\/","url":"http:\/\/athletisme-sua.fr\/wp-content\/uploads\/2020\/04\/SUA-Athletisme_Logo-1.png","contentUrl":"http:\/\/athletisme-sua.fr\/wp-content\/uploads\/2020\/04\/SUA-Athletisme_Logo-1.png","width":145,"height":145,"caption":"SUA Athl\u00e9tisme"},"image":{"@id":"https:\/\/athletisme-sua.fr\/#\/schema\/logo\/image\/"}}]}},"uagb_featured_image_src":{"full":false,"thumbnail":false,"medium":false,"medium_large":false,"large":false,"rpg_gallery_admin_thumb":false,"rpg_gallery_thumb":false,"1536x1536":false,"2048x2048":false,"post-thumbnail":false,"mesmerize-full-hd":false},"uagb_author_info":{"display_name":"admin8842","author_link":"https:\/\/athletisme-sua.fr\/?author=1"},"uagb_comment_info":0,"uagb_excerpt":"\u00c9crivez-nous un message et nous vous r\u00e9pondrons dans les plus brefs d\u00e9lais.","_links":{"self":[{"href":"https:\/\/athletisme-sua.fr\/index.php?rest_route=\/wp\/v2\/pages\/38"}],"collection":[{"href":"https:\/\/athletisme-sua.fr\/index.php?rest_route=\/wp\/v2\/pages"}],"about":[{"href":"https:\/\/athletisme-sua.fr\/index.php?rest_route=\/wp\/v2\/types\/page"}],"author":[{"embeddable":true,"href":"https:\/\/athletisme-sua.fr\/index.php?rest_route=\/wp\/v2\/users\/1"}],"replies":[{"embeddable":true,"href":"https:\/\/athletisme-sua.fr\/index.php?rest_route=%2Fwp%2Fv2%2Fcomments&post=38"}],"version-history":[{"count":22,"href":"https:\/\/athletisme-sua.fr\/index.php?rest_route=\/wp\/v2\/pages\/38\/revisions"}],"predecessor-version":[{"id":924,"href":"https:\/\/athletisme-sua.fr\/index.php?rest_route=\/wp\/v2\/pages\/38\/revisions\/924"}],"wp:attachment":[{"href":"https:\/\/athletisme-sua.fr\/index.php?rest_route=%2Fwp%2Fv2%2Fmedia&parent=38"}],"curies":[{"name":"wp","href":"https:\/\/api.w.org\/{rel}","templated":true}]}}