{"id":222,"date":"2020-04-29T10:06:41","date_gmt":"2020-04-29T08:06:41","guid":{"rendered":"http:\/\/athletisme-sua.fr\/?page_id=222"},"modified":"2026-03-18T20:59:09","modified_gmt":"2026-03-18T19:59:09","slug":"sua-athletisme","status":"publish","type":"page","link":"https:\/\/athletisme-sua.fr\/","title":{"rendered":"SUA Athl\u00e9tisme"},"content":{"rendered":"<div  data-label=\"Features\" data-id=\"features--1\" data-export-id=\"features-16\" data-category=\"features\" class=\"features-16 content-section content-section-spacing\" id=\"features-3\" style=\"background-color: rgb(245, 250, 253);\"><div  class=\"gridContainer\"> <div  class=\"row text-center\"><div  class=\"section-title-col\" data-type=\"column\"> <h2  class=\"\">L\u2019actualit\u00e9 du club<\/h2> <\/div> <\/div> <div  class=\"row spaced-cols content-center-sm center-sm\" data-type=\"row\">   <div  class=\"col-xs-12 col-sm-6 col-md-4 space-bottom\"> <a data-cp-link=\"1\" href=\"https:\/\/chrono-start.com\/events\/la-technorun\" target=\"_blank\" rel=\"noopener noreferrer\" class=\"\"><img  decoding=\"async\" class=\"face\" src=\"https:\/\/athletisme-sua.fr\/wp-content\/uploads\/2026\/03\/cropped-technorun.jpg\" alt=\"\" title=\"cropped-flyer-forme-sant\u00e9-1.png\"><\/a> <div  data-type=\"column\" class=\"col-padding-small col-padding-small-xs description-container\">   <a class=\"button blue\" href=\"https:\/\/chrono-start.com\/events\/la-technorun\" target=\"_blank\" data-cp-link=\"1\" rel=\"noopener\">Inscription<\/a><\/div> <\/div><div  class=\"col-xs-12 col-sm-6 col-md-4 space-bottom\"> <a data-cp-link=\"1\" href=\"https:\/\/athletisme-sua.fr?page_id=941\" target=\"_self\" rel=\"noopener noreferrer\" class=\"\"><img  decoding=\"async\" class=\"face\" src=\"https:\/\/athletisme-sua.fr\/wp-content\/uploads\/2025\/09\/cropped-sua-section-trail_page-0001.jpg\" alt=\"\" title=\"cropped-flyer-forme-sant\u00e9-1.png\"><\/a> <div  data-type=\"column\" class=\"col-padding-small col-padding-small-xs description-container\">   <a class=\"button blue\" href=\"https:\/\/athletisme-sua.fr?page_id=941\" target=\"_self\" data-cp-link=\"1\" rel=\"noopener\">En savoir plus<\/a><\/div> <\/div><div  class=\"col-xs-12 col-sm-6 col-md-4 space-bottom\"> <a data-cp-link=\"1\" href=\"https:\/\/athletisme-sua.fr?page_id=28\" target=\"_self\" rel=\"noopener noreferrer\" class=\"\"><img  decoding=\"async\" class=\"face\" src=\"https:\/\/athletisme-sua.fr\/wp-content\/uploads\/2025\/09\/cropped-Baby-athle-scaled-1.jpg\" alt=\"\" title=\"cropped-flyer-forme-sant\u00e9-1.png\"><\/a> <div  data-type=\"column\" class=\"col-padding-small col-padding-small-xs description-container\">   <a class=\"button blue\" href=\"https:\/\/athletisme-sua.fr?page_id=28\" target=\"_self\" data-cp-link=\"1\" rel=\"noopener\">En savoir plus<\/a><\/div> <\/div><div  class=\"col-xs-12 col-sm-6 col-md-4 space-bottom\"> <a data-cp-link=\"1\" href=\"https:\/\/athletisme-sua.fr?page_id=34\" target=\"_self\" rel=\"noopener noreferrer\" class=\"\"><img  decoding=\"async\" class=\"face\" src=\"https:\/\/athletisme-sua.fr\/wp-content\/uploads\/2023\/08\/athle-forme-2021.jpg\" alt=\"\" title=\"cropped-flyer-forme-sant\u00e9-1.png\"><\/a> <div  data-type=\"column\" class=\"col-padding-small col-padding-small-xs description-container\">   <a class=\"button blue\" href=\"https:\/\/athletisme-sua.fr?page_id=34\" target=\"_self\" data-cp-link=\"1\" rel=\"noopener noreferrer\">En savoir plus<\/a><\/div> <\/div><\/div> <\/div><\/div><div  id=\"features-2\" style=\"background-color: #ffffff;\" data-label=\"Features\" data-id=\"features-ov-4-mc\" data-export-id=\"features-ov-4-mc\" data-category=\"features\" class=\"features-ov-4-mc content-section content-section-spacing\"><div  class=\"gridContainer\"> <div  data-type=\"row\" class=\"row spaced-cols text-center\"><div  class=\"col-xs-12 col-sm-4 col-padding\"> <i  class=\"fa icon shadow-large-black aligncenter color1 fa-newspaper-o reverse round large\"><\/i> <div  data-type=\"column\" class=\"\">  <a class=\"link\" href=\"https:\/\/athletisme-sua.fr?page_id=223\" target=\"_self\" data-cp-link=\"1\" rel=\"noopener noreferrer\">Actualit\u00e9 du club et comp\u00e9titions<\/a><\/div> <\/div> <div  class=\"col-xs-12 col-sm-4 col-padding\"> <i  class=\"fa icon shadow-large-black aligncenter color2 fa-child reverse round large\"><\/i> <div  data-type=\"column\" class=\"\"> <a class=\"link\" href=\"https:\/\/athletisme-sua.fr?page_id=26\" target=\"_self\" data-cp-link=\"1\" rel=\"noopener noreferrer\">D\u00e9couvrir le club et ses groupes d\u2019entra\u00eenement<\/a><\/div> <\/div> <div  class=\"col-xs-12 col-sm-4 col-padding\"> <i  class=\"fa icon shadow-large-black aligncenter color4 fa-photo reverse round large\"><\/i> <div  data-type=\"column\" class=\"\"> <a class=\"link\" href=\"https:\/\/athletisme-sua.fr?page_id=46\" target=\"_self\" data-cp-link=\"1\" rel=\"noopener noreferrer\">Galerie photos et vid\u00e9os<\/a><\/div> <\/div><\/div> <\/div><\/div><div  id=\"cta-1\" style=\"background-color: #f5fafd;\" data-label=\"Cta\" data-id=\"cta-blue-section-mc\" data-export-id=\"cta-blue-section-mc\" data-category=\"cta\" class=\"cta-blue-section-mc content-section content-section-spacing le_cocktail white-text\"><div  class=\"gridContainer\"> <div  class=\"row middle-xs\"><div  class=\"col-sm-8 space-bottom-xs\" data-type=\"column\"> <h2  class=\"\">&nbsp; &nbsp; &nbsp; &nbsp; &nbsp; &nbsp; &nbsp; &nbsp; &nbsp; &nbsp; &nbsp;Rejoignez-nous !<\/h2> <\/div> <div  class=\"col-sm-4 end-sm\" data-type=\"column\"> <a class=\"button color2\" href=\"https:\/\/athletisme-sua.fr?page_id=38\" target=\"_self\" data-cp-link=\"1\" rel=\"noopener noreferrer\">Nous contacter<\/a><\/div> <\/div><\/div> <\/div><div  id=\"a-propos\" style=\"background-color: #f5fafd;\" data-label=\"\u00c0 propos\" data-id=\"about-images-right-section-mc\" data-export-id=\"about-images-right-section-mc\" data-bullets-visibility=\"true\" data-category=\"about\" class=\"about-images-right-section-mc content-section content-section-spacing\"><div  class=\"gridContainer\"> <div  class=\"row middle-sm text-center\"><div  class=\"col-sm-5 content-left-sm\" data-type=\"column\"> <h5  class=\"\">Le SUA Athl\u00e9tisme \u00e0 travers les g\u00e9n\u00e9rations<\/h5> <h2  class=\"\">La longue et belle histoire du club !<\/h2> <p  class=\"\">N\u00e9 de la fusion du SPORTING CLUB et de l\u2019UNION SPORTIVE AGENAISE, le S.U.AGEN a \u00e9t\u00e9 reconnu officiellement en 1920, vraisemblablement en Novembre (aucune date n\u2019est connue exactement).<br ><br >C\u2019est, d\u00e8s 1896, que l\u2019athl\u00e9tisme a pris naissance au chef lieu le 18 octobre, la soci\u00e9t\u00e9 de touristes \u00ab L\u2019Eclair \u00bb faisant disputer au v\u00e9lodrome de Sembel\u2026<\/p> <a class=\"button color1\" href=\"https:\/\/athletisme-sua.fr?page_id=26\" target=\"_self\" data-cp-link=\"1\" rel=\"noopener noreferrer\">En savoir plus<\/a><\/div> <div  class=\"col-sm-7 space-bottom-xs\"><div  class=\"image-group-side-3-img\"> <img  decoding=\"async\" class=\"topimg shadow-large\" src=\"http:\/\/athletisme-sua.fr\/wp-content\/uploads\/2020\/04\/cropped-DSC_3339.jpg\" alt=\"\" title=\"cropped-DSC_3339.jpg\"> <img  decoding=\"async\" class=\"rightimg shadow-large\" src=\"http:\/\/athletisme-sua.fr\/wp-content\/uploads\/2020\/04\/cropped-20180402_163753-1-scaled-1.jpg\" alt=\"\" title=\"cropped-20180402_163753-1-scaled-1.jpg\"> <div  class=\"leftimg\"> <img  decoding=\"async\" class=\"shadow-large\" src=\"http:\/\/athletisme-sua.fr\/wp-content\/uploads\/2020\/04\/cropped-DSC_2292-1.jpg\" alt=\"\" title=\"cropped-DSC_2292-1.jpg\"><\/div> <\/div><\/div> <\/div><\/div> <\/div><div  id=\"infos-club\" style=\"background-color: #ffffff;\" data-label=\"Infos club\" data-id=\"features-16-card-bordered-mc\" data-export-id=\"features-16-card-bordered-mc\" data-bullets-visibility=\"true\" data-category=\"features\" class=\"features-16-card-bordered-mc content-section content-section-spacing\"><div  class=\"gridContainer\"> <div  class=\"row text-center\"><div  class=\"section-title-col\" data-type=\"column\">  <h2  class=\"\">Un club pluridisciplinaire<\/h2> <\/div> <\/div> <div  class=\"row spaced-cols\" data-type=\"row\"> <div  class=\"col-xs-12 col-sm-6 col-md-4\"> <div  class=\"card no-padding bordered y-move\"> <img  decoding=\"async\" class=\"face\" src=\"http:\/\/athletisme-sua.fr\/wp-content\/uploads\/2020\/04\/cropped-DSC_2299.jpg\" alt=\"\" title=\"cropped-DSC_2299.jpg\"> <div  data-type=\"column\" class=\"col-padding-small col-padding-small-xs description-container\"> <h4  class=\"font-500\">Le Baby et l\u2019\u00e9cole d\u2019athl\u00e9<\/h4> <p  class=\"\">L\u2019athl\u00e9tisme, acteur essentiel dans le domaine de l\u2019\u00e9ducation Avec l\u2019\u00e9cole d\u2019athl\u00e9tisme l\u2019enfant de 6 \u00e0 11 ans d\u00e9couvre les diff\u00e9rentes disciplines sous forme de jeux\u2026\n<\/p><\/div> <div  data-type=\"column\" class=\"col-padding-small col-padding-small-xs read-more-container\"><a class=\"read-more\" href=\"https:\/\/athletisme-sua.fr?page_id=28\" target=\"_self\" data-cp-link=\"1\" rel=\"noopener noreferrer\">En savoir plus<\/a><\/div> <\/div><\/div> <div  class=\"col-xs-12 col-sm-6 col-md-4\"><div  class=\"card no-padding bordered y-move\"> <img  decoding=\"async\" class=\"face\" src=\"http:\/\/athletisme-sua.fr\/wp-content\/uploads\/2020\/04\/cropped-18891707_1437928999628089_4742904415946430130_o.jpg\" alt=\"\" title=\"cropped-18891707_1437928999628089_4742904415946430130_o.jpg\"> <div  data-type=\"column\" class=\"col-padding-small col-padding-small-xs description-container\"> <h4  class=\"font-500\">L\u2019athl\u00e9 Comp\u00e9tition<\/h4> <p  class=\"\">Le SUA Athl\u00e9tisme, c\u2019est aussi de la comp\u00e9tition et de la performance.<br >Tout au long de l\u2019ann\u00e9e, les athl\u00e8tes du SUA ont l\u2019occasion d\u2019am\u00e9liorer leurs performances en participant \u00e0 des comp\u00e9titions par \u00e9quipe (les interclubs) ou individuelles\u2026\n<\/p><\/div> <div  data-type=\"column\" class=\"col-padding-small col-padding-small-xs read-more-container\"><a class=\"read-more\" href=\"https:\/\/athletisme-sua.fr?page_id=30\" target=\"_self\" data-cp-link=\"1\" rel=\"noopener noreferrer\">En savoir plus<\/a><\/div> <\/div><\/div> <div  class=\"col-xs-12 col-sm-6 col-md-4\"><div  class=\"card no-padding bordered y-move\"> <img  decoding=\"async\" class=\"face\" src=\"http:\/\/athletisme-sua.fr\/wp-content\/uploads\/2020\/04\/cropped-29366270_2031467220213929_7264964707629400064_o.jpg\" alt=\"\" title=\"cropped-29366270_2031467220213929_7264964707629400064_o.jpg\"> <div  data-type=\"column\" class=\"col-padding-small col-padding-small-xs description-container\"> <h4  class=\"font-500\">Le groupe sant\u00e9-loisir<\/h4> <p  class=\"\">Vous souhaitez reprendre une activit\u00e9 physique apr\u00e8s un long arr\u00eat ?<br >Vous ne voulez plus courir seul(e) ?<br >Vous voulez b\u00e9n\u00e9ficier de conseils d\u2019entra\u00eeneurs sp\u00e9cialis\u00e9s ?<br >D\u00e9couvrez le plaisir du sport \u00e0 travers la course et ses bienfaits sur la sant\u00e9\u2026<\/p><\/div> <div  data-type=\"column\" class=\"col-padding-small col-padding-small-xs read-more-container\"><a class=\"read-more\" href=\"https:\/\/athletisme-sua.fr?page_id=32\" target=\"_self\" data-cp-link=\"1\" rel=\"noopener noreferrer\">En savoir plus<\/a><\/div> <\/div><\/div> <\/div><\/div> <\/div><div  id=\"rseaux-sociaux\" style=\"background-color: #ffffff;\" data-label=\"Rseaux sociaux\" data-id=\"testimonials-5-mc\" data-export-id=\"testimonials-5-mc\" data-category=\"testimonials\" class=\"testimonials-5-mc content-section content-section-spacing\" data-bullets-visibility=\"true\"><div  class=\"gridContainer\"> <div  class=\"row\"><div  data-type=\"column\" class=\"section-title-col\">  <h2  class=\"\">Suivez-nous sur les r\u00e9seaux sociaux <\/h2> <p  class=\"lead\">Pour ne rien rater des comp\u00e9titions \u00e0 venir ou autres \u00e9v\u00e9nements du club, abonnez-vous \u00e0 notre page Facebook et compte Instagram !<\/p><\/div> <\/div> <div  class=\"row spaced-cols content-center-sm\" data-type=\"row\"> <div  class=\"col-sm-4\"> <div  class=\"card y-move bordered\" data-type=\"column\">  <p  class=\"text-center\">Facebook<\/p> <a data-cp-link=\"1\" href=\"https:\/\/www.facebook.com\/sua.athletisme\" class=\"\" target=\"_blank\" rel=\"noopener noreferrer\"><img  decoding=\"async\" src=\"http:\/\/athletisme-sua.fr\/wp-content\/uploads\/2020\/04\/cropped-800_c5f163838825d7e.png\" class=\"round icon\" alt=\"\" title=\"cropped-800_c5f163838825d7e.png\"><\/a>  <\/div> <\/div> <div  class=\"col-sm-4\"> <div  class=\"card y-move bordered\" data-type=\"column\">  <p  class=\"text-center\">Instagram<\/p> <a data-cp-link=\"1\" href=\"https:\/\/www.instagram.com\/sua_athletisme?hl=fr\" class=\"\" target=\"_blank\" rel=\"noopener noreferrer\"><img  decoding=\"async\" src=\"http:\/\/athletisme-sua.fr\/wp-content\/uploads\/2020\/04\/cropped-13cd32d30c5e14ac84454a7d7692dbdd.png\" class=\"round icon\" alt=\"\" title=\"cropped-13cd32d30c5e14ac84454a7d7692dbdd.png\"><\/a>  <\/div> <\/div> <div  class=\"col-sm-4\"> <div  class=\"card y-move bordered\" data-type=\"column\">  <p  class=\"text-center\">Nous envoyer un mail<\/p> <a data-cp-link=\"1\" href=\"mailto:suagen.athle@wanadoo.fr\" class=\"\" target=\"_blank\" rel=\"noopener noreferrer\"><img  decoding=\"async\" src=\"http:\/\/athletisme-sua.fr\/wp-content\/uploads\/2020\/04\/cropped-9-99173_blue-email-box-circle-png-transparent-icon-mail.png\" class=\"round icon\" alt=\"\" title=\"cropped-9-99173_blue-email-box-circle-png-transparent-icon-mail.png\"><\/a>  <\/div> <\/div><\/div> <\/div><\/div>","protected":false},"excerpt":{"rendered":"<p>L\u2019actualit\u00e9 du club Inscription En savoir plus En savoir plus En savoir plus Actualit\u00e9 du club et comp\u00e9titions D\u00e9couvrir le club et ses groupes d\u2019entra\u00eenement Galerie photos et vid\u00e9os &nbsp; &nbsp; &nbsp; &nbsp; &nbsp; &nbsp; &nbsp; &nbsp; &nbsp; &nbsp; &nbsp;Rejoignez-nous ! Nous contacter Le SUA Athl\u00e9tisme \u00e0 travers les g\u00e9n\u00e9rations La longue et belle histoire&hellip; <br \/> <a class=\"read-more\" href=\"https:\/\/athletisme-sua.fr\/\">Lire la suite<\/a><\/p>\n","protected":false},"author":1,"featured_media":0,"parent":0,"menu_order":0,"comment_status":"closed","ping_status":"closed","template":"page-templates\/homepage.php","meta":{"footnotes":""},"class_list":["post-222","page","type-page","status-publish","hentry"],"yoast_head":"<!-- This site is optimized with the Yoast SEO plugin v23.7 - https:\/\/yoast.com\/wordpress\/plugins\/seo\/ -->\n<title>SUA Athl\u00e9tisme - Comp\u00e9tition, Sant\u00e9\/Loisir, Baby\/\u00e9cole d&#039;athl\u00e9<\/title>\n<meta name=\"description\" content=\"Bienvenue au club d&#039;athl\u00e9tisme du SUA d&#039;Agen (Sporting Union Agenais). Baby\/\u00e9cole athl\u00e9, comp\u00e9tition, sant\u00e9 loisir, un club ouvert \u00e0 tous !\" \/>\n<meta name=\"robots\" content=\"index, follow, max-snippet:-1, max-image-preview:large, max-video-preview:-1\" \/>\n<link rel=\"canonical\" href=\"https:\/\/athletisme-sua.fr\/\" \/>\n<meta property=\"og:locale\" content=\"fr_FR\" \/>\n<meta property=\"og:type\" content=\"article\" \/>\n<meta property=\"og:title\" content=\"SUA Athl\u00e9tisme - Comp\u00e9tition, Sant\u00e9\/Loisir, Baby\/\u00e9cole d&#039;athl\u00e9\" \/>\n<meta property=\"og:description\" content=\"Bienvenue au club d&#039;athl\u00e9tisme du SUA d&#039;Agen (Sporting Union Agenais). Baby\/\u00e9cole athl\u00e9, comp\u00e9tition, sant\u00e9 loisir, un club ouvert \u00e0 tous !\" \/>\n<meta property=\"og:url\" content=\"https:\/\/athletisme-sua.fr\/\" \/>\n<meta property=\"og:site_name\" content=\"SUA Athletisme\" \/>\n<meta property=\"article:modified_time\" content=\"2026-03-18T19:59:09+00:00\" \/>\n<meta property=\"og:image\" content=\"https:\/\/athletisme-sua.fr\/wp-content\/uploads\/2026\/03\/cropped-technorun.jpg\" \/>\n<meta name=\"twitter:card\" content=\"summary_large_image\" \/>\n<meta name=\"twitter:label1\" content=\"Dur\u00e9e de lecture estim\u00e9e\" \/>\n\t<meta name=\"twitter:data1\" content=\"4 minutes\" \/>\n<script type=\"application\/ld+json\" class=\"yoast-schema-graph\">{\"@context\":\"https:\/\/schema.org\",\"@graph\":[{\"@type\":\"WebPage\",\"@id\":\"https:\/\/athletisme-sua.fr\/\",\"url\":\"https:\/\/athletisme-sua.fr\/\",\"name\":\"SUA Athl\u00e9tisme - Comp\u00e9tition, Sant\u00e9\/Loisir, Baby\/\u00e9cole d'athl\u00e9\",\"isPartOf\":{\"@id\":\"https:\/\/athletisme-sua.fr\/#website\"},\"primaryImageOfPage\":{\"@id\":\"https:\/\/athletisme-sua.fr\/#primaryimage\"},\"image\":{\"@id\":\"https:\/\/athletisme-sua.fr\/#primaryimage\"},\"thumbnailUrl\":\"https:\/\/athletisme-sua.fr\/wp-content\/uploads\/2026\/03\/cropped-technorun.jpg\",\"datePublished\":\"2020-04-29T08:06:41+00:00\",\"dateModified\":\"2026-03-18T19:59:09+00:00\",\"description\":\"Bienvenue au club d'athl\u00e9tisme du SUA d'Agen (Sporting Union Agenais). Baby\/\u00e9cole athl\u00e9, comp\u00e9tition, sant\u00e9 loisir, un club ouvert \u00e0 tous !\",\"breadcrumb\":{\"@id\":\"https:\/\/athletisme-sua.fr\/#breadcrumb\"},\"inLanguage\":\"fr-FR\",\"potentialAction\":[{\"@type\":\"ReadAction\",\"target\":[\"https:\/\/athletisme-sua.fr\/\"]}]},{\"@type\":\"ImageObject\",\"inLanguage\":\"fr-FR\",\"@id\":\"https:\/\/athletisme-sua.fr\/#primaryimage\",\"url\":\"https:\/\/athletisme-sua.fr\/wp-content\/uploads\/2026\/03\/cropped-technorun.jpg\",\"contentUrl\":\"https:\/\/athletisme-sua.fr\/wp-content\/uploads\/2026\/03\/cropped-technorun.jpg\"},{\"@type\":\"BreadcrumbList\",\"@id\":\"https:\/\/athletisme-sua.fr\/#breadcrumb\",\"itemListElement\":[{\"@type\":\"ListItem\",\"position\":1,\"name\":\"Accueil\",\"item\":\"https:\/\/athletisme-sua.fr\/\"},{\"@type\":\"ListItem\",\"position\":2,\"name\":\"SUA Athl\u00e9tisme\"}]},{\"@type\":\"WebSite\",\"@id\":\"https:\/\/athletisme-sua.fr\/#website\",\"url\":\"https:\/\/athletisme-sua.fr\/\",\"name\":\"SUA Athletisme\",\"description\":\"Des plus petits aux plus grands, du loisir au comp\u00e9titeur, le SUA vous accueille au Stade Rabal \u00e0 Agen.\",\"publisher\":{\"@id\":\"https:\/\/athletisme-sua.fr\/#organization\"},\"potentialAction\":[{\"@type\":\"SearchAction\",\"target\":{\"@type\":\"EntryPoint\",\"urlTemplate\":\"https:\/\/athletisme-sua.fr\/?s={search_term_string}\"},\"query-input\":{\"@type\":\"PropertyValueSpecification\",\"valueRequired\":true,\"valueName\":\"search_term_string\"}}],\"inLanguage\":\"fr-FR\"},{\"@type\":\"Organization\",\"@id\":\"https:\/\/athletisme-sua.fr\/#organization\",\"name\":\"SUA Athl\u00e9tisme\",\"url\":\"https:\/\/athletisme-sua.fr\/\",\"logo\":{\"@type\":\"ImageObject\",\"inLanguage\":\"fr-FR\",\"@id\":\"https:\/\/athletisme-sua.fr\/#\/schema\/logo\/image\/\",\"url\":\"http:\/\/athletisme-sua.fr\/wp-content\/uploads\/2020\/04\/SUA-Athletisme_Logo-1.png\",\"contentUrl\":\"http:\/\/athletisme-sua.fr\/wp-content\/uploads\/2020\/04\/SUA-Athletisme_Logo-1.png\",\"width\":145,\"height\":145,\"caption\":\"SUA Athl\u00e9tisme\"},\"image\":{\"@id\":\"https:\/\/athletisme-sua.fr\/#\/schema\/logo\/image\/\"}}]}<\/script>\n<!-- \/ Yoast SEO plugin. -->","yoast_head_json":{"title":"SUA Athl\u00e9tisme - Comp\u00e9tition, Sant\u00e9\/Loisir, Baby\/\u00e9cole d'athl\u00e9","description":"Bienvenue au club d'athl\u00e9tisme du SUA d'Agen (Sporting Union Agenais). Baby\/\u00e9cole athl\u00e9, comp\u00e9tition, sant\u00e9 loisir, un club ouvert \u00e0 tous !","robots":{"index":"index","follow":"follow","max-snippet":"max-snippet:-1","max-image-preview":"max-image-preview:large","max-video-preview":"max-video-preview:-1"},"canonical":"https:\/\/athletisme-sua.fr\/","og_locale":"fr_FR","og_type":"article","og_title":"SUA Athl\u00e9tisme - Comp\u00e9tition, Sant\u00e9\/Loisir, Baby\/\u00e9cole d'athl\u00e9","og_description":"Bienvenue au club d'athl\u00e9tisme du SUA d'Agen (Sporting Union Agenais). Baby\/\u00e9cole athl\u00e9, comp\u00e9tition, sant\u00e9 loisir, un club ouvert \u00e0 tous !","og_url":"https:\/\/athletisme-sua.fr\/","og_site_name":"SUA Athletisme","article_modified_time":"2026-03-18T19:59:09+00:00","og_image":[{"url":"https:\/\/athletisme-sua.fr\/wp-content\/uploads\/2026\/03\/cropped-technorun.jpg"}],"twitter_card":"summary_large_image","twitter_misc":{"Dur\u00e9e de lecture estim\u00e9e":"4 minutes"},"schema":{"@context":"https:\/\/schema.org","@graph":[{"@type":"WebPage","@id":"https:\/\/athletisme-sua.fr\/","url":"https:\/\/athletisme-sua.fr\/","name":"SUA Athl\u00e9tisme - Comp\u00e9tition, Sant\u00e9\/Loisir, Baby\/\u00e9cole d'athl\u00e9","isPartOf":{"@id":"https:\/\/athletisme-sua.fr\/#website"},"primaryImageOfPage":{"@id":"https:\/\/athletisme-sua.fr\/#primaryimage"},"image":{"@id":"https:\/\/athletisme-sua.fr\/#primaryimage"},"thumbnailUrl":"https:\/\/athletisme-sua.fr\/wp-content\/uploads\/2026\/03\/cropped-technorun.jpg","datePublished":"2020-04-29T08:06:41+00:00","dateModified":"2026-03-18T19:59:09+00:00","description":"Bienvenue au club d'athl\u00e9tisme du SUA d'Agen (Sporting Union Agenais). Baby\/\u00e9cole athl\u00e9, comp\u00e9tition, sant\u00e9 loisir, un club ouvert \u00e0 tous !","breadcrumb":{"@id":"https:\/\/athletisme-sua.fr\/#breadcrumb"},"inLanguage":"fr-FR","potentialAction":[{"@type":"ReadAction","target":["https:\/\/athletisme-sua.fr\/"]}]},{"@type":"ImageObject","inLanguage":"fr-FR","@id":"https:\/\/athletisme-sua.fr\/#primaryimage","url":"https:\/\/athletisme-sua.fr\/wp-content\/uploads\/2026\/03\/cropped-technorun.jpg","contentUrl":"https:\/\/athletisme-sua.fr\/wp-content\/uploads\/2026\/03\/cropped-technorun.jpg"},{"@type":"BreadcrumbList","@id":"https:\/\/athletisme-sua.fr\/#breadcrumb","itemListElement":[{"@type":"ListItem","position":1,"name":"Accueil","item":"https:\/\/athletisme-sua.fr\/"},{"@type":"ListItem","position":2,"name":"SUA Athl\u00e9tisme"}]},{"@type":"WebSite","@id":"https:\/\/athletisme-sua.fr\/#website","url":"https:\/\/athletisme-sua.fr\/","name":"SUA Athletisme","description":"Des plus petits aux plus grands, du loisir au comp\u00e9titeur, le SUA vous accueille au Stade Rabal \u00e0 Agen.","publisher":{"@id":"https:\/\/athletisme-sua.fr\/#organization"},"potentialAction":[{"@type":"SearchAction","target":{"@type":"EntryPoint","urlTemplate":"https:\/\/athletisme-sua.fr\/?s={search_term_string}"},"query-input":{"@type":"PropertyValueSpecification","valueRequired":true,"valueName":"search_term_string"}}],"inLanguage":"fr-FR"},{"@type":"Organization","@id":"https:\/\/athletisme-sua.fr\/#organization","name":"SUA Athl\u00e9tisme","url":"https:\/\/athletisme-sua.fr\/","logo":{"@type":"ImageObject","inLanguage":"fr-FR","@id":"https:\/\/athletisme-sua.fr\/#\/schema\/logo\/image\/","url":"http:\/\/athletisme-sua.fr\/wp-content\/uploads\/2020\/04\/SUA-Athletisme_Logo-1.png","contentUrl":"http:\/\/athletisme-sua.fr\/wp-content\/uploads\/2020\/04\/SUA-Athletisme_Logo-1.png","width":145,"height":145,"caption":"SUA Athl\u00e9tisme"},"image":{"@id":"https:\/\/athletisme-sua.fr\/#\/schema\/logo\/image\/"}}]}},"uagb_featured_image_src":{"full":false,"thumbnail":false,"medium":false,"medium_large":false,"large":false,"rpg_gallery_admin_thumb":false,"rpg_gallery_thumb":false,"1536x1536":false,"2048x2048":false,"post-thumbnail":false,"mesmerize-full-hd":false},"uagb_author_info":{"display_name":"admin8842","author_link":"https:\/\/athletisme-sua.fr\/?author=1"},"uagb_comment_info":0,"uagb_excerpt":"L\u2019actualit\u00e9 du club Inscription En savoir plus En savoir plus En savoir plus Actualit\u00e9 du club et comp\u00e9titions D\u00e9couvrir le club et ses groupes d\u2019entra\u00eenement Galerie photos et vid\u00e9os &nbsp; &nbsp; &nbsp; &nbsp; &nbsp; &nbsp; &nbsp; &nbsp; &nbsp; &nbsp; &nbsp;Rejoignez-nous ! Nous contacter Le SUA Athl\u00e9tisme \u00e0 travers les g\u00e9n\u00e9rations La longue et belle histoire&hellip;\u2026","_links":{"self":[{"href":"https:\/\/athletisme-sua.fr\/index.php?rest_route=\/wp\/v2\/pages\/222"}],"collection":[{"href":"https:\/\/athletisme-sua.fr\/index.php?rest_route=\/wp\/v2\/pages"}],"about":[{"href":"https:\/\/athletisme-sua.fr\/index.php?rest_route=\/wp\/v2\/types\/page"}],"author":[{"embeddable":true,"href":"https:\/\/athletisme-sua.fr\/index.php?rest_route=\/wp\/v2\/users\/1"}],"replies":[{"embeddable":true,"href":"https:\/\/athletisme-sua.fr\/index.php?rest_route=%2Fwp%2Fv2%2Fcomments&post=222"}],"version-history":[{"count":69,"href":"https:\/\/athletisme-sua.fr\/index.php?rest_route=\/wp\/v2\/pages\/222\/revisions"}],"predecessor-version":[{"id":965,"href":"https:\/\/athletisme-sua.fr\/index.php?rest_route=\/wp\/v2\/pages\/222\/revisions\/965"}],"wp:attachment":[{"href":"https:\/\/athletisme-sua.fr\/index.php?rest_route=%2Fwp%2Fv2%2Fmedia&parent=222"}],"curies":[{"name":"wp","href":"https:\/\/api.w.org\/{rel}","templated":true}]}}